{"id":2,"date":"2022-03-03T21:05:06","date_gmt":"2022-03-03T20:05:06","guid":{"rendered":"http:\/\/www.5lambert.fr\/site\/?page_id=2"},"modified":"2026-02-16T22:18:40","modified_gmt":"2026-02-16T21:18:40","slug":"qui-sommes-nous","status":"publish","type":"page","link":"https:\/\/www.5lambert.fr\/en\/qui-sommes-nous\/","title":{"rendered":"Benoit Dausse Fondateur de 5Lambert Conseils"},"content":{"rendered":"<div class=\"wp-block-media-text alignwide is-stacked-on-mobile is-vertically-aligned-top is-style-default\" style=\"grid-template-columns:34% auto\"><figure class=\"wp-block-media-text__media\"><img loading=\"lazy\" decoding=\"async\" width=\"242\" height=\"288\" src=\"https:\/\/www.5lambert.fr\/site\/wp-content\/uploads\/2026\/02\/benoit-dausse-portrait2026.png\" alt=\"\" class=\"wp-image-2558 size-full\" srcset=\"https:\/\/www.5lambert.fr\/site\/wp-content\/uploads\/2026\/02\/benoit-dausse-portrait2026.png 242w, https:\/\/www.5lambert.fr\/site\/wp-content\/uploads\/2026\/02\/benoit-dausse-portrait2026-10x12.png 10w\" sizes=\"auto, (max-width: 242px) 100vw, 242px\" \/><\/figure><div class=\"wp-block-media-text__content\">\n<p><strong>Benoit Dausse<\/strong> is the founder and head of <a href=\"https:\/\/www.5lambert.fr\/en\/\" title=\"\">5 Lambert Conseils<\/a>. <\/p>\n\n\n\n<p class=\"has-background-color has-text-color\" style=\"font-size:14px\">After studying business, Benoit DAUSSE immediately began his career in the field of new technologies and the Internet. In 1997, he joined Bayard Presse to develop its electronic editions, before moving on to join a number of start-ups during the dot-com bubble and then Club-Internet, a leading internet service provider, before becoming Director of European Operations at eStara in 2006. At the end of 2009, he decided to set up his own consultancy and then to become a software publisher by launching WannaSpeak.<\/p>\n\n\n\n<p class=\"has-background-color has-text-color\" style=\"font-size:14px\">WannaSpeak will become one of France's leaders in telecoms technologies applied to online customer relations and ROI measurement, in the same way as solutions such as Call Tracking and Click to Call.  After almost 10 years in business and a profitable structure, WannaSpeak was sold to its British competitor iovox.<\/p>\n\n\n\n<p class=\"has-background-color has-text-color\" style=\"font-size:14px\">Benoit Dausse will be in charge of iovox's development and growth in Europe for 3 years. At the beginning of 2023, Benoit Dausse launches 5 Lambert Conseils with the aim of helping innovative structures to benefit from his expertise in business development, product strategy and software development.<\/p>\n\n\n\n<p style=\"font-size:14px\">Alongside his consultancy activities, Benoit Dausse is also an advisor to a number of start-ups and a Business Angel.<\/p>\n\n\n\n<p class=\"has-background-color has-text-color\" style=\"font-size:17px\">You can view the Linkedin profile of <a href=\"https:\/\/www.linkedin.com\/in\/bdausse\/\" target=\"_blank\" rel=\"noopener\" title=\"\"><strong>Benoit Dausse<\/strong><\/a><\/p>\n\n\n\n<p><\/p>\n\n\n\n<p><\/p>\n<\/div><\/div>\n\n\n\n<p class=\"has-background-color has-text-color\" style=\"font-size:14px\"><\/p>","protected":false},"excerpt":{"rendered":"<p>Benoit Dausse est le fondateur et dirigeant du cabinet 5 Lambert Conseils. Apr\u00e8s avoir poursuivi des \u00e9tudes commerciales Benoit DAUSSE a imm\u00e9diatement d\u00e9but\u00e9 sa carri\u00e8re dans le domaine des nouvelles technologies et de l\u2019internet. D\u00e8s&#8230;<\/p>","protected":false},"author":1,"featured_media":0,"parent":0,"menu_order":0,"comment_status":"closed","ping_status":"closed","template":"page-templates\/template_about.php","meta":{"footnotes":""},"class_list":["post-2","page","type-page","status-publish","hentry"],"aioseo_notices":[],"_links":{"self":[{"href":"https:\/\/www.5lambert.fr\/en\/wp-json\/wp\/v2\/pages\/2","targetHints":{"allow":["GET"]}}],"collection":[{"href":"https:\/\/www.5lambert.fr\/en\/wp-json\/wp\/v2\/pages"}],"about":[{"href":"https:\/\/www.5lambert.fr\/en\/wp-json\/wp\/v2\/types\/page"}],"author":[{"embeddable":true,"href":"https:\/\/www.5lambert.fr\/en\/wp-json\/wp\/v2\/users\/1"}],"replies":[{"embeddable":true,"href":"https:\/\/www.5lambert.fr\/en\/wp-json\/wp\/v2\/comments?post=2"}],"version-history":[{"count":26,"href":"https:\/\/www.5lambert.fr\/en\/wp-json\/wp\/v2\/pages\/2\/revisions"}],"predecessor-version":[{"id":2559,"href":"https:\/\/www.5lambert.fr\/en\/wp-json\/wp\/v2\/pages\/2\/revisions\/2559"}],"wp:attachment":[{"href":"https:\/\/www.5lambert.fr\/en\/wp-json\/wp\/v2\/media?parent=2"}],"curies":[{"name":"wp","href":"https:\/\/api.w.org\/{rel}","templated":true}]}}